{"id":19,"date":"2015-01-03T18:19:20","date_gmt":"2015-01-03T18:19:20","guid":{"rendered":"http:\/\/www.sebainfissi-offerte.it\/?page_id=19"},"modified":"2015-01-03T18:20:54","modified_gmt":"2015-01-03T18:20:54","slug":"info","status":"publish","type":"page","link":"https:\/\/offerte.sebainfissi.it\/?page_id=19","title":{"rendered":"INFO"},"content":{"rendered":"<p style=\"text-align: center;\">\n<p style=\"text-align: center;\"><em><strong>DOVE SIAMO:<br \/>\n<\/strong><\/em>Via Stalingrado 19\/a \u2013 40128\u00a0 Bologna<br \/>\nP.IVA: 02058670379<\/p>\n<p style=\"text-align: center;\"><strong><em>CONTATTI:<\/em><\/strong><br \/>\nTel: 051 356349 &#8211; Fax: 051 357612<br \/>\nMail: info@sebainfissi.it<br \/>\nPer richieste preventivi: preventivi@sebainfissi.it<\/p>\n<p style=\"text-align: center;\"><span class=\"ff1 cf0 fs28\"><b>ORARI:<br \/>\nS<\/b><\/span><span class=\"fs24 ff1 cf0\"><b>ettembre &#8211;<wbr \/> Maggio<br \/>\n<\/b><\/span><span class=\"fs20 ff1 cf0\">Dal <b>Luned\u00ec<\/b> al <b>Sabato<\/b> dalle 9,00 alle 12,30 e dalle 15,00 alle 19,00<\/span><\/p>\n<p style=\"text-align: center;\"><span class=\"fs24 ff1 cf0\"><b>Giugno e Luglio<br \/>\n<\/b><\/span><span class=\"fs20 ff1 cf0\">Dal<b> Luned\u00ec<\/b> al <b>Venerd\u00ec<\/b> dalle 9,00 alle 12,30 e dalle 15,00 alle 19,00<br \/>\nil <b>Sabato<\/b> dalle 9,00 alle 12.30<\/span><\/p>\n<p style=\"text-align: center;\"><span class=\"fs24 ff1 cf0\"><b>Agosto<\/b><\/span><span class=\"fs20 ff1 cf0\"><br \/>\nChiusi<\/span><span class=\"ff2 fs20\"><br \/>\n<\/span><\/p>\n<p>&nbsp;<\/p>\n","protected":false},"excerpt":{"rendered":"<p>DOVE SIAMO: Via Stalingrado 19\/a \u2013 40128\u00a0 Bologna P.IVA: 02058670379 CONTATTI: Tel: 051 356349 &#8211; Fax: 051 357612 Mail: info@sebainfissi.it Per richieste preventivi: preventivi@sebainfissi.it ORARI: Settembre &#8211; Maggio Dal Luned\u00ec al Sabato dalle 9,00 alle 12,30 e dalle 15,00 alle 19,00 Giugno e Luglio Dal Luned\u00ec al Venerd\u00ec dalle 9,00 alle 12,30 e dalle 15,00 [&hellip;]<\/p>\n","protected":false},"author":1,"featured_media":0,"parent":0,"menu_order":0,"comment_status":"closed","ping_status":"open","template":"","meta":{"_et_pb_use_builder":"","_et_pb_old_content":"","_et_gb_content_width":""},"_links":{"self":[{"href":"https:\/\/offerte.sebainfissi.it\/index.php?rest_route=\/wp\/v2\/pages\/19"}],"collection":[{"href":"https:\/\/offerte.sebainfissi.it\/index.php?rest_route=\/wp\/v2\/pages"}],"about":[{"href":"https:\/\/offerte.sebainfissi.it\/index.php?rest_route=\/wp\/v2\/types\/page"}],"author":[{"embeddable":true,"href":"https:\/\/offerte.sebainfissi.it\/index.php?rest_route=\/wp\/v2\/users\/1"}],"replies":[{"embeddable":true,"href":"https:\/\/offerte.sebainfissi.it\/index.php?rest_route=%2Fwp%2Fv2%2Fcomments&post=19"}],"version-history":[{"count":3,"href":"https:\/\/offerte.sebainfissi.it\/index.php?rest_route=\/wp\/v2\/pages\/19\/revisions"}],"predecessor-version":[{"id":23,"href":"https:\/\/offerte.sebainfissi.it\/index.php?rest_route=\/wp\/v2\/pages\/19\/revisions\/23"}],"wp:attachment":[{"href":"https:\/\/offerte.sebainfissi.it\/index.php?rest_route=%2Fwp%2Fv2%2Fmedia&parent=19"}],"curies":[{"name":"wp","href":"https:\/\/api.w.org\/{rel}","templated":true}]}}